{"id":10416,"date":"2018-06-02T06:20:59","date_gmt":"2018-06-02T03:20:59","guid":{"rendered":"https:\/\/hi-do.com.tr\/%d1%81%d0%b2%d1%8f%d0%b6%d0%b8%d1%82%d0%b5%d1%81%d1%8c-%d1%81-%d0%bd%d0%b0%d0%bc%d0%b8\/"},"modified":"2023-08-07T09:39:55","modified_gmt":"2023-08-07T06:39:55","slug":"%d1%81%d0%b2%d1%8f%d0%b6%d0%b8%d1%82%d0%b5%d1%81%d1%8c-%d1%81-%d0%bd%d0%b0%d0%bc%d0%b8","status":"publish","type":"page","link":"https:\/\/hi-do.com.tr\/ru\/%d1%81%d0%b2%d1%8f%d0%b6%d0%b8%d1%82%d0%b5%d1%81%d1%8c-%d1%81-%d0%bd%d0%b0%d0%bc%d0%b8\/","title":{"rendered":"\u0421\u0432\u044f\u0436\u0438\u0442\u0435\u0441\u044c \u0441 \u043d\u0430\u043c\u0438"},"content":{"rendered":"<p>[vc_row gap=&#8221;25&#8243; css_animation=&#8221;none&#8221; css=&#8221;.vc_custom_1655896529473{margin-top: 0px !important;margin-right: -12px !important;margin-bottom: 0px !important;margin-left: -12px !important;padding-top: 20px !important;padding-bottom: 20px !important;}&#8221;][vc_column css=&#8221;.vc_custom_1528363022204{padding-right: 0px !important;padding-left: 0px !important;}&#8221; offset=&#8221;vc_col-lg-6 vc_col-md-6 vc_col-xs-12&#8243;][vc_gmaps link=&#8221;#E-8_JTNDaWZyYW1lJTIwc3JjJTNEJTIyaHR0cHMlM0ElMkYlMkZ3d3cuZ29vZ2xlLmNvbSUyRm1hcHMlMkZlbWJlZCUzRnBiJTNEJTIxMW0xNCUyMTFtOCUyMTFtMyUyMTFkMTIwMjcuNDIyMDk5OTI3NTA2JTIxMmQyOC43OTczNjclMjEzZDQxLjA5NDAwMzIlMjEzbTIlMjExaTEwMjQlMjEyaTc2OCUyMTRmMTMuMSUyMTNtMyUyMTFtMiUyMTFzMHgwJTI1M0EweGUwOTJhODFmZGJlZGUwNTclMjEyc0hpLWRvJTI1MjBLb3JuYSUyMTVlMCUyMTNtMiUyMTFzdHIlMjEyc3RyJTIxNHYxNjU1ODk2NDQwMDIzJTIxNW0yJTIxMXN0ciUyMTJzdHIlMjIlMjB3aWR0aCUzRCUyMjYwMCUyMiUyMGhlaWdodCUzRCUyMjQ1MCUyMiUyMHN0eWxlJTNEJTIyYm9yZGVyJTNBMCUzQiUyMiUyMGFsbG93ZnVsbHNjcmVlbiUzRCUyMiUyMiUyMGxvYWRpbmclM0QlMjJsYXp5JTIyJTIwcmVmZXJyZXJwb2xpY3klM0QlMjJuby1yZWZlcnJlci13aGVuLWRvd25ncmFkZSUyMiUzRSUzQyUyRmlmcmFtZSUzRQ==&#8221; el_class=&#8221;map&#8221;][\/vc_column][vc_column css=&#8221;.vc_custom_1528363009127{margin-top: 0px !important;margin-bottom: 0px !important;border-top-width: 1px !important;border-right-width: 1px !important;border-bottom-width: 1px !important;border-left-width: 1px !important;padding-top: 30px !important;padding-right: 37px !important;padding-bottom: 37px !important;padding-left: 37px !important;background-color: #fbfbfb !important;border-left-color: #e6e5e5 !important;border-left-style: solid !important;border-right-color: #e6e5e5 !important;border-right-style: solid !important;border-top-color: #e6e5e5 !important;border-top-style: solid !important;border-bottom-color: #e6e5e5 !important;border-bottom-style: solid !important;}&#8221; offset=&#8221;vc_col-lg-6 vc_col-md-6 vc_col-xs-12&#8243;][vc_row_inner css=&#8221;.vc_custom_1527923565811{margin-top: 0px !important;margin-bottom: 0px !important;padding-top: 0px !important;padding-bottom: 0px !important;}&#8221;][vc_column_inner width=&#8221;1\/2&#8243;][vc_column_text el_class=&#8221;contact-info-custom&#8221; css=&#8221;.vc_custom_1674472148278{margin-top: 0px !important;margin-bottom: 0px !important;padding-top: 0px !important;padding-bottom: 0px !important;}&#8221;]<strong>Merkez Adres:<\/strong> \u0130kitelli Osb. Sara\u00e7lar Sanayi Sitesi 10. Blok No:12 Ba\u015fak\u015fehir \/ \u0130STANBUL[\/vc_column_text][\/vc_column_inner][vc_column_inner width=&#8221;1\/2&#8243;][vc_column_text el_class=&#8221;contact-info-custom&#8221; css=&#8221;.vc_custom_1656340453784{margin-top: 0px !important;margin-bottom: 0px !important;padding-top: 0px !important;padding-bottom: 0px !important;}&#8221;]<strong>\u0422\u0435\u043b:<\/strong> 0212 549 48 94<\/p>\n<p><strong>Gsm:<\/strong> 0532 203 65 73<\/p>\n<p><strong>\u042d\u043b\u0435\u043a\u0442\u0440\u043e\u043d\u043d\u0430\u044f \u043f\u043e\u0447\u0442\u0430:<\/strong> hido@hi-do.com.tr[\/vc_column_text][\/vc_column_inner][vc_column_inner css=&#8221;.vc_custom_1675407915338{margin-top: 20px !important;}&#8221;][vc_column_text]<strong>Fabrika Adres: <\/strong>Mimarsinan OSB. 11. Cd. No: 32 Melikgazi \/ KAYSER\u0130<br \/>\n<strong>Fabrika Tel:<\/strong> 0352 513 38\u00a039[\/vc_column_text][\/vc_column_inner][\/vc_row_inner][vc_row_inner css=&#8221;.vc_custom_1527923565811{margin-top: 0px !important;margin-bottom: 0px !important;padding-top: 0px !important;padding-bottom: 0px !important;}&#8221;][vc_column_inner][vc_text_separator title=&#8221;Whatsapp&#8221; css=&#8221;.vc_custom_1656396718504{padding-top: 20px !important;}&#8221;][vc_column_text el_class=&#8221;contact-info-custom&#8221; css=&#8221;.vc_custom_1656396678315{margin-top: 0px !important;margin-bottom: 0px !important;padding-top: 0px !important;padding-bottom: 0px !important;}&#8221;]<\/p>\n<p style=\"text-align: center;\"><div class=\"nta_wa_button\" data-id=\"8313\" data-info=\"{&quot;name&quot;:&quot;Hi-Do Korna&quot;,&quot;info&quot;:{&quot;number&quot;:&quot;+902125494894&quot;,&quot;title&quot;:&quot;Hi-Do Korna&quot;,&quot;predefinedText&quot;:&quot;&quot;,&quot;willBeBackText&quot;:&quot;I will be back in [njwa_time_work]&quot;,&quot;dayOffsText&quot;:&quot;I will be back soon&quot;,&quot;isAlwaysAvailable&quot;:&quot;ON&quot;,&quot;daysOfWeekWorking&quot;:{&quot;sunday&quot;:{&quot;isWorkingOnDay&quot;:&quot;OFF&quot;,&quot;workHours&quot;:[{&quot;startTime&quot;:&quot;08:00&quot;,&quot;endTime&quot;:&quot;17:30&quot;}]},&quot;monday&quot;:{&quot;isWorkingOnDay&quot;:&quot;OFF&quot;,&quot;workHours&quot;:[{&quot;startTime&quot;:&quot;08:00&quot;,&quot;endTime&quot;:&quot;17:30&quot;}]},&quot;tuesday&quot;:{&quot;isWorkingOnDay&quot;:&quot;OFF&quot;,&quot;workHours&quot;:[{&quot;startTime&quot;:&quot;08:00&quot;,&quot;endTime&quot;:&quot;17:30&quot;}]},&quot;wednesday&quot;:{&quot;isWorkingOnDay&quot;:&quot;OFF&quot;,&quot;workHours&quot;:[{&quot;startTime&quot;:&quot;08:00&quot;,&quot;endTime&quot;:&quot;17:30&quot;}]},&quot;thursday&quot;:{&quot;isWorkingOnDay&quot;:&quot;OFF&quot;,&quot;workHours&quot;:[{&quot;startTime&quot;:&quot;08:00&quot;,&quot;endTime&quot;:&quot;17:30&quot;}]},&quot;friday&quot;:{&quot;isWorkingOnDay&quot;:&quot;OFF&quot;,&quot;workHours&quot;:[{&quot;startTime&quot;:&quot;08:00&quot;,&quot;endTime&quot;:&quot;17:30&quot;}]},&quot;saturday&quot;:{&quot;isWorkingOnDay&quot;:&quot;OFF&quot;,&quot;workHours&quot;:[{&quot;startTime&quot;:&quot;08:00&quot;,&quot;endTime&quot;:&quot;17:30&quot;}]}}},&quot;styles&quot;:{&quot;type&quot;:&quot;round&quot;,&quot;backgroundColor&quot;:&quot;#2DB742&quot;,&quot;textColor&quot;:&quot;#fff&quot;,&quot;label&quot;:&quot;Whatsapp M\\u00fc\\u015fteri Hizmetleri&quot;,&quot;width&quot;:300,&quot;height&quot;:64},&quot;avatar&quot;:false,&quot;options&quot;:{&quot;display&quot;:{&quot;displayCondition&quot;:&quot;excludePages&quot;,&quot;includePages&quot;:[],&quot;excludePages&quot;:[&quot;3765&quot;,&quot;4813&quot;,&quot;6712&quot;,&quot;7135&quot;,&quot;7213&quot;,&quot;14&quot;,&quot;17&quot;,&quot;8301&quot;],&quot;includePosts&quot;:[],&quot;showOnDesktop&quot;:&quot;ON&quot;,&quot;showOnMobile&quot;:&quot;ON&quot;,&quot;time_symbols&quot;:&quot;h:m&quot;},&quot;styles&quot;:{&quot;title&quot;:&quot;M\\u00fc\\u015fteri Hizmetleri&quot;,&quot;responseText&quot;:&quot;Ekip genellikle birka\\u00e7 dakika i\\u00e7inde yan\\u0131t verir.&quot;,&quot;description&quot;:&quot;Merhaba! WhatsApp&#039;ta sohbet etmek i\\u00e7in a\\u015fa\\u011f\\u0131daki \\u00fcyelerimizden birine t\\u0131klay\\u0131n&quot;,&quot;backgroundColor&quot;:&quot;#2db742&quot;,&quot;textColor&quot;:&quot;#fff&quot;,&quot;scrollHeight&quot;:&quot;500&quot;,&quot;isShowScroll&quot;:&quot;OFF&quot;,&quot;isShowResponseText&quot;:&quot;OFF&quot;,&quot;isShowPoweredBy&quot;:&quot;ON&quot;,&quot;btnLabel&quot;:&quot;Sorunuz mu Var ? &lt;strong&gt;M\\u00fcsait Operat\\u00f6rlerimiz A\\u015fa\\u011f\\u0131dad\\u0131r&lt;\\\/strong&gt;&quot;,&quot;btnLabelWidth&quot;:&quot;156&quot;,&quot;btnPosition&quot;:&quot;right&quot;,&quot;btnLeftDistance&quot;:&quot;30&quot;,&quot;btnRightDistance&quot;:&quot;30&quot;,&quot;btnBottomDistance&quot;:&quot;30&quot;,&quot;isShowBtnLabel&quot;:&quot;OFF&quot;,&quot;isShowGDPR&quot;:&quot;OFF&quot;,&quot;gdprContent&quot;:&quot;Please accept our &lt;a href=\\&quot;https:\\\/\\\/ninjateam.org\\\/privacy-policy\\\/\\&quot;&gt;privacy policy&lt;\\\/a&gt; first to start a conversation.&quot;},&quot;analytics&quot;:{&quot;enabledGoogle&quot;:&quot;OFF&quot;,&quot;enabledFacebook&quot;:&quot;OFF&quot;,&quot;enabledGoogleGA4&quot;:&quot;OFF&quot;}},&quot;gdprStatus&quot;:false,&quot;defaultAvatar&quot;:&quot;https:\\\/\\\/hi-do.com.tr\\\/wp-content\\\/plugins\\\/wp-whatsapp\\\/assets\\\/img\\\/whatsapp_logo.svg&quot;}\"><\/div>\n<p>[\/vc_column_text][\/vc_column_inner][\/vc_row_inner][\/vc_column][\/vc_row]<\/p>\n","protected":false},"excerpt":{"rendered":"<p>[vc_row gap=&#8221;25&#8243; css_animation=&#8221;none&#8221; css=&#8221;.vc_custom_1655896529473{margin-top: 0px !important;margin-right: -12px !important;margin-bottom: 0px !important;margin-left: -12px !important;padding-top: 20px !important;padding-bottom: 20px !important;}&#8221;][vc_column css=&#8221;.vc_custom_1528363022204{padding-right: 0px !important;padding-left: 0px !important;}&#8221; offset=&#8221;vc_col-lg-6 vc_col-md-6 vc_col-xs-12&#8243;][vc_gmaps link=&#8221;#E-8_JTNDaWZyYW1lJTIwc3JjJTNEJTIyaHR0cHMlM0ElMkYlMkZ3d3cuZ29vZ2xlLmNvbSUyRm1hcHMlMkZlbWJlZCUzRnBiJTNEJTIxMW0xNCUyMTFtOCUyMTFtMyUyMTFkMTIwMjcuNDIyMDk5OTI3NTA2JTIxMmQyOC43OTczNjclMjEzZDQxLjA5NDAwMzIlMjEzbTIlMjExaTEwMjQlMjEyaTc2OCUyMTRmMTMuMSUyMTNtMyUyMTFtMiUyMTFzMHgwJTI1M0EweGUwOTJhODFmZGJlZGUwNTclMjEyc0hpLWRvJTI1MjBLb3JuYSUyMTVlMCUyMTNtMiUyMTFzdHIlMjEyc3RyJTIxNHYxNjU1ODk2NDQwMDIzJTIxNW0yJTIxMXN0ciUyMTJzdHIlMjIlMjB3aWR0aCUzRCUyMjYwMCUyMiUyMGhlaWdodCUzRCUyMjQ1MCUyMiUyMHN0eWxlJTNEJTIyYm9yZGVyJTNBMCUzQiUyMiUyMGFsbG93ZnVsbHNjcmVlbiUzRCUyMiUyMiUyMGxvYWRpbmclM0QlMjJsYXp5JTIyJTIwcmVmZXJyZXJwb2xpY3klM0QlMjJuby1yZWZlcnJlci13aGVuLWRvd25ncmFkZSUyMiUzRSUzQyUyRmlmcmFtZSUzRQ==&#8221; el_class=&#8221;map&#8221;][\/vc_column][vc_column css=&#8221;.vc_custom_1528363009127{margin-top: 0px !important;margin-bottom: 0px !important;border-top-width: 1px !important;border-right-width: 1px !important;border-bottom-width: 1px !important;border-left-width: 1px !important;padding-top: 30px !important;padding-right: 37px !important;padding-bottom: 37px !important;padding-left: 37px !important;background-color: #fbfbfb !important;border-left-color: #e6e5e5 !important;border-left-style: solid !important;border-right-color: #e6e5e5 !important;border-right-style: [&hellip;]<\/p>\n","protected":false},"author":1,"featured_media":10254,"parent":0,"menu_order":0,"comment_status":"closed","ping_status":"closed","template":"","meta":{"footnotes":""},"class_list":["post-10416","page","type-page","status-publish","has-post-thumbnail","hentry"],"_links":{"self":[{"href":"https:\/\/hi-do.com.tr\/ru\/wp-json\/wp\/v2\/pages\/10416","targetHints":{"allow":["GET"]}}],"collection":[{"href":"https:\/\/hi-do.com.tr\/ru\/wp-json\/wp\/v2\/pages"}],"about":[{"href":"https:\/\/hi-do.com.tr\/ru\/wp-json\/wp\/v2\/types\/page"}],"author":[{"embeddable":true,"href":"https:\/\/hi-do.com.tr\/ru\/wp-json\/wp\/v2\/users\/1"}],"replies":[{"embeddable":true,"href":"https:\/\/hi-do.com.tr\/ru\/wp-json\/wp\/v2\/comments?post=10416"}],"version-history":[{"count":4,"href":"https:\/\/hi-do.com.tr\/ru\/wp-json\/wp\/v2\/pages\/10416\/revisions"}],"predecessor-version":[{"id":10592,"href":"https:\/\/hi-do.com.tr\/ru\/wp-json\/wp\/v2\/pages\/10416\/revisions\/10592"}],"wp:featuredmedia":[{"embeddable":true,"href":"https:\/\/hi-do.com.tr\/ru\/wp-json\/wp\/v2\/media\/10254"}],"wp:attachment":[{"href":"https:\/\/hi-do.com.tr\/ru\/wp-json\/wp\/v2\/media?parent=10416"}],"curies":[{"name":"wp","href":"https:\/\/api.w.org\/{rel}","templated":true}]}}