{"id":10447,"date":"2022-06-16T17:23:35","date_gmt":"2022-06-16T14:23:35","guid":{"rendered":"https:\/\/hi-do.com.tr\/urun\/hd400a-three-tube-super-resonant-air-dadan-horn\/"},"modified":"2022-06-16T17:23:35","modified_gmt":"2022-06-16T14:23:35","slug":"hd400a-horn-with-tube-super-echoey-airy-dadan-horn","status":"publish","type":"product","link":"https:\/\/hi-do.com.tr\/en\/urun\/hd400a-horn-with-tube-super-echoey-airy-dadan-horn\/","title":{"rendered":"HD400A Three Tube Super Resonant Air Dadan Horn"},"content":{"rendered":"","protected":false},"excerpt":{"rendered":"<p><strong>Voltage: <\/strong>12V &#8211; 24V<strong><br \/>\nSound Intensity: <\/strong>125db(A) \u00b15 db at 2 meters<strong><br \/>\n<\/strong><strong>Air Pressure :<\/strong> 4-8kg\/cm2<br \/>\n<strong>Current :<\/strong> 12V 6A \/ 24V 4A<\/p>\n<audio class=\"wp-audio-shortcode\" id=\"audio-10447-1\" preload=\"none\" style=\"width: 100%;\" controls=\"controls\"><source type=\"audio\/mpeg\" src=\"http:\/\/www.hi-do.com.tr\/wp-content\/uploads\/2016\/07\/\u00dc\u00e7l\u00fc-Magirus.m4a?_=1\" \/><a href=\"http:\/\/www.hi-do.com.tr\/wp-content\/uploads\/2016\/07\/\u00dc\u00e7l\u00fc-Magirus.m4a\">http:\/\/www.hi-do.com.tr\/wp-content\/uploads\/2016\/07\/\u00dc\u00e7l\u00fc-Magirus.m4a<\/a><\/audio>\n","protected":false},"featured_media":10181,"template":"","meta":[],"product_cat":[173],"product_tag":[],"class_list":["post-10447","product","type-product","status-publish","has-post-thumbnail","hentry","product_cat-air-horns"],"_links":{"self":[{"href":"https:\/\/hi-do.com.tr\/en\/wp-json\/wp\/v2\/product\/10447","targetHints":{"allow":["GET"]}}],"collection":[{"href":"https:\/\/hi-do.com.tr\/en\/wp-json\/wp\/v2\/product"}],"about":[{"href":"https:\/\/hi-do.com.tr\/en\/wp-json\/wp\/v2\/types\/product"}],"wp:featuredmedia":[{"embeddable":true,"href":"https:\/\/hi-do.com.tr\/en\/wp-json\/wp\/v2\/media\/10181"}],"wp:attachment":[{"href":"https:\/\/hi-do.com.tr\/en\/wp-json\/wp\/v2\/media?parent=10447"}],"wp:term":[{"taxonomy":"product_cat","embeddable":true,"href":"https:\/\/hi-do.com.tr\/en\/wp-json\/wp\/v2\/product_cat?post=10447"},{"taxonomy":"product_tag","embeddable":true,"href":"https:\/\/hi-do.com.tr\/en\/wp-json\/wp\/v2\/product_tag?post=10447"}],"curies":[{"name":"wp","href":"https:\/\/api.w.org\/{rel}","templated":true}]}}