{"id":10386,"date":"2022-06-27T15:35:01","date_gmt":"2022-06-27T12:35:01","guid":{"rendered":"https:\/\/hi-do.com.tr\/our-dealers\/"},"modified":"2023-01-05T17:05:55","modified_gmt":"2023-01-05T14:05:55","slug":"our-dealers","status":"publish","type":"page","link":"https:\/\/hi-do.com.tr\/en\/our-dealers\/","title":{"rendered":"Our Dealers"},"content":{"rendered":"<p>[vc_section full_width=&#8221;stretch_row&#8221; css=&#8221;.vc_custom_1527767850756{margin-top: 0px !important;margin-bottom: 0px !important;padding-top: 90px !important;padding-bottom: 75px !important;}&#8221;][vc_row][vc_column css=&#8221;.vc_custom_1527765435779{margin-top: 0px !important;margin-bottom: 0px !important;}&#8221;][vc_wp_text]<strong>Bir\u0131\u015f\u0131k Otomotiv San. Tic. A.S.<\/strong><br \/>\nFerhatpasa Mah. G-9 Sk. No: 75 Ata\u015fehir \/ Istanbul Tel: 0216 471 32 72<\/p>\n<p><strong>Metin D\u00f6rtkol Otomotiv San. Tic. Ltd. Sti.<\/strong><br \/>\nIvedik Organized Industry 1419. Cad. 1435 Sk. No: 21 Ostim \/ Ankara Tel: 0312 394 38 86<\/p>\n<p><strong>D\u00f6rtkol Vehicle Spares San. Tic. Ltd. Sti.<\/strong><br \/>\nSpace Age Cad. 78. Sk. Ay\u0131k Business Center No: 82\/B-6-7 Ostim \/ Ankara Tel: 0312 386 10 26<\/p>\n<p><strong>Ar\u0131c\u0131 Automotive<\/strong><br \/>\n\u015ea\u015fmaz Oto Sanayi Sitesi 2512 Sk. No: 1 Etimesgut \/ Ankara Tel: 0312 278 61 01<\/p>\n<p><strong>Ozumut Civata Ve Otomotiv San. Tic. Ltd. Sti.<\/strong><br \/>\nK\u00fcsget Sanayi Sitesi B Blok 57 Nolu Cad. No: 28 Gaziantep Tel: 0342 235 34 46<\/p>\n<p><strong>Akg\u00fcl Kardesler Otomotiv San. Tic. Ltd. Sti.<\/strong><br \/>\nSanayi Mh. 104.Cadde No:115 Isparta Tel: 0246 223 30 29<\/p>\n<p><strong>Doganay Spare Parts Automotive San. Tic. Ltd. Sti.<\/strong><br \/>\nFerhatpasa Mah. G-18 Sk. No: 39 Ata\u015fehir \/ Istanbul Tel: 0216 471 80 80<\/p>\n<p><strong>Cable End Inc.<\/strong><br \/>\nYedpa Trade Center B Cad. No: 93 Ata\u015fehir \/ Istanbul Tel: 0216 471 17 90<\/p>\n<p><strong>Tolga Otomobilcilik Tic. A.S.<\/strong><br \/>\nDolapdere Sanayi Sitesi 24. Ada No: 12 Ba\u015fak\u015fehir \/ Istanbul Tel: 0212 522 35 15<\/p>\n<p><strong>Vural Oto \u0130\u00e7 Ve D\u0131\u015f Tic. A.S.<\/strong><br \/>\nFerhatpasa Mah. G-9 Sk. No: 85 Ata\u015fehir \/ Istanbul Tel: 0216 661 20 81<\/p>\n<p><strong>Hepg\u00fcl\u00fcm Electric Malz. Otom. San. And Tic. A.S.<\/strong><br \/>\n10032 Sk. No:5 A.O.S.B. Cigli Izmir Tel: 0232 376 88 69<\/p>\n<p><strong>Alpsa Automotive<\/strong><br \/>\nMersinli Mahallesi, 2830. Sk. No:47, 35170 Konak\/Izmir Tel: 0232 457 67 23<\/p>\n<p><strong>Mertpar Otomotiv San. Tic. Ltd. Sti.<\/strong><br \/>\n1.Sanayi Sitesi 2828 Sk. No: 52 Izmir Tel: 0232 376 88 69<\/p>\n<p><strong>Nur-Par Auto Electric Parts Paz. Tic. And San. Ltd. Sti.<\/strong><br \/>\nSevgi Mh. 902 Sk. No:2 Gaziemir \/ Izmir<\/p>\n<p><strong>Enkul Otomotiv Yed. Part San. Tic. Ve Paz.Ltd. Sti.<\/strong><br \/>\n1.Sanayi Sitesi 2828. Sok. No:55 Izmir Tel: 0232 433 80 00<\/p>\n<p><strong>Firat Automotive<\/strong><br \/>\nUzman San. Sit.Horozlu Han Mah. G\u00fcven Cad. No: 83 Sel\u00e7uklu\/Konya Tel: 0332 238 60 50<\/p>\n<p><strong>Karatay Otomotiv Tic. San. Ltd. Sti.<\/strong><br \/>\nZafer Sanayi Giri\u015fi Sel\u00e7uklu Cad. No: 19 Konya Tel: 0332 248 35 35<\/p>\n<p><strong>\u00dcst\u00fcnel Otomotiv San. Tic. Ltd. Sti.<\/strong><br \/>\nKaratay Sanayi \u00c7obandede Sk. No: 14\/A Konya Tel: 0332 233 92 03<\/p>\n<p><strong>Kaya Trade<\/strong><br \/>\nD\u00f6rtyol Sanayi Bazaar 11. Sk. No: 5 Sakarya Tel: 0264 291 21 02<\/p>\n<p><strong>Oto Taner Saffet Hamza Day\u0131<\/strong><br \/>\nSanayi Sitesi B3 Block No: 28 Van Tel: 0432 223 03 40[\/vc_wp_text][\/vc_column][\/vc_row][\/vc_section]<\/p>\n","protected":false},"excerpt":{"rendered":"<p>[vc_section full_width=&#8221;stretch_row&#8221; css=&#8221;.vc_custom_1527767850756{margin-top: 0px !important;margin-bottom: 0px !important;padding-top: 90px !important;padding-bottom: 75px !important;}&#8221;][vc_row][vc_column css=&#8221;.vc_custom_1527765435779{margin-top: 0px !important;margin-bottom: 0px !important;}&#8221;][vc_wp_text]Bir\u0131\u015f\u0131k Otomotiv San. Tic. A.S. Ferhatpasa Mah. G-9 Sk. No: 75 Ata\u015fehir \/ Istanbul Tel: 0216 471 32 72 Metin D\u00f6rtkol Otomotiv San. Tic. Ltd. Sti. Ivedik Organized Industry 1419. Cad. 1435 Sk. No: 21 Ostim \/ Ankara Tel: 0312 [&hellip;]<\/p>\n","protected":false},"author":1,"featured_media":10277,"parent":0,"menu_order":0,"comment_status":"closed","ping_status":"closed","template":"","meta":{"footnotes":""},"class_list":["post-10386","page","type-page","status-publish","has-post-thumbnail","hentry"],"_links":{"self":[{"href":"https:\/\/hi-do.com.tr\/en\/wp-json\/wp\/v2\/pages\/10386","targetHints":{"allow":["GET"]}}],"collection":[{"href":"https:\/\/hi-do.com.tr\/en\/wp-json\/wp\/v2\/pages"}],"about":[{"href":"https:\/\/hi-do.com.tr\/en\/wp-json\/wp\/v2\/types\/page"}],"author":[{"embeddable":true,"href":"https:\/\/hi-do.com.tr\/en\/wp-json\/wp\/v2\/users\/1"}],"replies":[{"embeddable":true,"href":"https:\/\/hi-do.com.tr\/en\/wp-json\/wp\/v2\/comments?post=10386"}],"version-history":[{"count":3,"href":"https:\/\/hi-do.com.tr\/en\/wp-json\/wp\/v2\/pages\/10386\/revisions"}],"predecessor-version":[{"id":10577,"href":"https:\/\/hi-do.com.tr\/en\/wp-json\/wp\/v2\/pages\/10386\/revisions\/10577"}],"wp:featuredmedia":[{"embeddable":true,"href":"https:\/\/hi-do.com.tr\/en\/wp-json\/wp\/v2\/media\/10277"}],"wp:attachment":[{"href":"https:\/\/hi-do.com.tr\/en\/wp-json\/wp\/v2\/media?parent=10386"}],"curies":[{"name":"wp","href":"https:\/\/api.w.org\/{rel}","templated":true}]}}