{"id":10330,"date":"2018-04-23T04:47:50","date_gmt":"2018-04-23T01:47:50","guid":{"rendered":"https:\/\/hi-do.com.tr\/home-page\/"},"modified":"2022-11-22T11:11:25","modified_gmt":"2022-11-22T08:11:25","slug":"home-page","status":"publish","type":"page","link":"https:\/\/hi-do.com.tr\/en\/","title":{"rendered":"Home Page"},"content":{"rendered":"<p>[vc_row full_width=&#8221;stretch_row&#8221; css=&#8221;.vc_custom_1655885224713{margin-top: 0px !important;margin-bottom: 0px !important;padding-top: 135px !important;padding-bottom: 130px !important;background-image: url(https:\/\/hi-do.com.tr\/wp-content\/uploads\/2022\/06\/hidov4.jpg) !important;background-position: center !important;background-repeat: no-repeat !important;background-size: cover !important;}&#8221; el_class=&#8221;overflow-visible&#8221;][vc_column css_animation=&#8221;none&#8221; width=&#8221;5\/6&#8243; css=&#8221;.vc_custom_1669015670632{margin-top: 80px !important;margin-bottom: 0px !important;padding-top: 0px !important;padding-bottom: 0px !important;}&#8221; offset=&#8221;vc_col-lg-6 vc_col-md-6 vc_col-xs-10&#8243;][vc_custom_heading text=&#8221;On the Long Road, On the Short Road<br \/>\nAlways There for You&#8221; font_container=&#8221;tag:h1|font_size:50px|text_align:left|color:%230c121f|line_height:61px&#8221; use_theme_fonts=&#8221;yes&#8221; css=&#8221;.vc_custom_1656332163924{margin-top: 0px !important;margin-bottom: 15px !important;}&#8221; el_class=&#8221;font-weight-bold&#8221;][vc_custom_heading text=&#8221;Turkish economy and the automotive supply industry<br \/>\nis one of the brands that make a significant contribution.&#8221; font_container=&#8221;tag:div|font_size:18px|text_align:left|color:%230c121f|line_height:28px&#8221; use_theme_fonts=&#8221;yes&#8221; css=&#8221;.vc_custom_1656332233157{margin-top: 0px !important;margin-bottom: 27px !important;}&#8221;][\/vc_column][vc_column width=&#8221;1\/6&#8243; css=&#8221;.vc_custom_1528291465196{margin-top: 0px !important;margin-bottom: 0px !important;padding-top: 0px !important;padding-bottom: 0px !important;}&#8221; offset=&#8221;vc_col-lg-6 vc_col-md-6 vc_col-xs-2&#8243;][\/vc_column][\/vc_row][vc_row full_width=&#8221;stretch_row&#8221; equal_height=&#8221;yes&#8221; content_placement=&#8221;middle&#8221; css=&#8221;.vc_custom_1527682106266{margin-top: 0px !important;margin-bottom: 0px !important;padding-top: 85px !important;padding-bottom: 68px !important;background-color: #ffffff !important;}&#8221;][vc_column css_animation=&#8221;fadeInUp&#8221; width=&#8221;1\/2&#8243; css=&#8221;.vc_custom_1530091809870{margin-top: 0px !important;margin-bottom: 40px !important;padding-top: 0px !important;padding-bottom: 0px !important;}&#8221;][vc_single_image image=&#8221;8281&#8243; img_size=&#8221;full&#8221; alignment=&#8221;center&#8221; css=&#8221;.vc_custom_1656324925449{margin-top: 0px !important;margin-bottom: 0px !important;}&#8221; el_class=&#8221;full-width-image&#8221;][\/vc_column][vc_column css_animation=&#8221;fadeInRight&#8221; width=&#8221;1\/2&#8243; css=&#8221;.vc_custom_1530091819067{margin-top: 0px !important;margin-bottom: 40px !important;padding-top: 0px !important;padding-bottom: 0px !important;}&#8221;][vc_custom_heading text=&#8221;AIR AND ELECTRIC HORNS&#8221; font_container=&#8221;tag:h6|font_size:15px|text_align:left|color:%230c121f|line_height:26px&#8221; use_theme_fonts=&#8221;yes&#8221; css=&#8221;.vc_custom_1656325021738{margin-top: 0px !important;margin-bottom: 12px !important;}&#8221; el_class=&#8221;font-weight-medium letter-spacing-1&#8243;][vc_custom_heading text=&#8221;Meet Hi-Do Horn Family&#8221; font_container=&#8221;tag:h3|font_size:40px|text_align:left|color:%230c121f|line_height:50px&#8221; use_theme_fonts=&#8221;yes&#8221; css=&#8221;.vc_custom_1656325484377{margin-top: 0px !important;margin-bottom: 15px !important;}&#8221; el_class=&#8221;font-weight-bold&#8221;][vc_column_text css=&#8221;.vc_custom_1656325466047{margin-top: 0px !important;margin-bottom: 28px !important;}&#8221;]Hi-do horn has expanded its portfolio and increased its product range and strength by making strategic partnerships in the sector with its quality product and service understanding. And it continues to increase[\/vc_column_text]\r<!-- list -->\r<div class=\"radiantthemes-list rt671550966 element-one    \" >\n<ul>\n<li>Elektrikli Kornalar<\/li>\n<li>Haval\u0131 Kornalar<\/li>\n<li>Yedek Par\u00e7alar<\/li>\n<\/ul>\n<\/div>\r<!-- list -->\r[\/vc_column][\/vc_row][vc_row full_width=&#8221;stretch_row&#8221; equal_height=&#8221;yes&#8221; content_placement=&#8221;middle&#8221; css=&#8221;.vc_custom_1655884940802{margin-top: 0px !important;margin-bottom: 0px !important;padding-top: 122px !important;padding-bottom: 85px !important;background-image: url(https:\/\/hi-do.com.tr\/wp-content\/uploads\/2022\/06\/Home-Six-Solution-Background-Image.jpg?id=8152) !important;background-position: center !important;background-repeat: no-repeat !important;background-size: cover !important;}&#8221;][vc_column css_animation=&#8221;fadeInLeft&#8221; width=&#8221;2\/3&#8243; css=&#8221;.vc_custom_1530091847144{margin-top: 0px !important;margin-bottom: 40px !important;padding-top: 0px !important;padding-bottom: 0px !important;}&#8221;][vc_custom_heading text=&#8221;Our Commercial Film&#8221; font_container=&#8221;tag:h3|font_size:40px|text_align:left|color:%23ffffff|line_height:48px&#8221; use_theme_fonts=&#8221;yes&#8221; css=&#8221;.vc_custom_1655883854688{margin-top: 0px !important;margin-bottom: 20px !important;}&#8221; el_class=&#8221;font-weight-bold&#8221;][vc_custom_heading text=&#8221;Hi-Do Horn is always with you on the long and short journeys&#8221; font_container=&#8221;tag:div|font_size:20px|text_align:left|color:%23ffffff|line_height:26px&#8221; use_theme_fonts=&#8221;yes&#8221; css=&#8221;.vc_custom_1655883896123{margin-top: 0px !important;margin-bottom: 0px !important;}&#8221;][\/vc_column][vc_column width=&#8221;1\/3&#8243; css=&#8221;.vc_custom_1524220809468{margin-top: 0px !important;margin-bottom: 40px !important;padding-top: 0px !important;padding-bottom: 0px !important;}&#8221;]<div  class=\"rt-popup-video element-one \" data-popup-video-align=\"center\" ><div class=\"holder\"><div class=\"icon\"><a class=\"video-link\" href=\"https:\/\/www.youtube.com\/watch?v=oPg3PN-ZaqE\"><img loading=\"lazy\" decoding=\"async\" width=\"92\" height=\"92\" src=\"https:\/\/hi-do.com.tr\/wp-content\/uploads\/2018\/04\/Home-Six-Solution-Video-Icon.png\" class=\"attachment-full size-full\" alt=\"Home-Six-Solution-Video-Icon\" \/><\/a><\/div><\/div><\/div>[\/vc_column][\/vc_row][vc_row full_width=&#8221;stretch_row&#8221; equal_height=&#8221;yes&#8221; css=&#8221;.vc_custom_1524474592733{margin-top: 0px !important;margin-bottom: 0px !important;padding-top: 0px !important;padding-bottom: 0px !important;background-color: #f8f8f9 !important;}&#8221; el_class=&#8221;home-six-contact&#8221;][vc_column width=&#8221;1\/3&#8243; css=&#8221;.vc_custom_1537255405658{margin-top: 0px !important;margin-bottom: 0px !important;padding-top: 125px !important;padding-right: 30px !important;padding-bottom: 130px !important;padding-left: 30px !important;background-color: #f1f1f5 !important;}&#8221; offset=&#8221;vc_col-lg-3 vc_col-md-3 vc_col-xs-12&#8243;][vc_custom_heading text=&#8221;Contact us&#8221; font_container=&#8221;tag:h6|font_size:20px|text_align:left|color:%23030712|line_height:30px&#8221; use_theme_fonts=&#8221;yes&#8221; css=&#8221;.vc_custom_1655884969089{margin-top: 0px !important;margin-bottom: 25px !important;}&#8221; el_class=&#8221;font-weight-medium&#8221;][vc_column_text el_class=&#8221;background-position-left-top&#8221; css=&#8221;.vc_custom_1655884057518{margin-top: 0px !important;margin-bottom: 15px !important;padding-left: 26px !important;background-image: url(https:\/\/hi-do.com.tr\/wp-content\/uploads\/2018\/04\/Home-Six-Address-Icon.png?id=3783) !important;background-position: 0 0 !important;background-repeat: no-repeat !important;}&#8221;]<strong>Address:<\/strong> I.O.S.B. \u00c7evre Sanayi Sitesi 10th Block No:1-3-5-7 Ba\u015fak\u015fehir \/ Istanbul[\/vc_column_text][vc_column_text el_class=&#8221;background-position-left-top&#8221; css=&#8221;.vc_custom_1656340431221{margin-top: 0px !important;margin-bottom: 15px !important;padding-left: 26px !important;background-image: url(https:\/\/hi-do.com.tr\/wp-content\/uploads\/2018\/04\/Home-Six-Email-Icon.png?id=3784) !important;background-position: 0 0 !important;background-repeat: no-repeat !important;}&#8221;]<strong>Email:<\/strong> hido@hi-do.com.tr[\/vc_column_text][vc_column_text el_class=&#8221;background-position-left-top&#8221; css=&#8221;.vc_custom_1655884073842{margin-top: 0px !important;margin-bottom: 50px !important;padding-left: 26px !important;background-image: url(https:\/\/hi-do.com.tr\/wp-content\/uploads\/2018\/04\/Home-Six-Phone-Icon.png?id=3785) !important;background-position: 0 0 !important;background-repeat: no-repeat !important;}&#8221;]<strong> Telephone:<\/strong> 0212 549 48 94<br \/>\n<strong>Gsm:<\/strong> 0532 203 65 73[\/vc_column_text][\/vc_column][vc_column width=&#8221;2\/3&#8243; css=&#8221;.vc_custom_1537255414051{margin-top: 0px !important;margin-bottom: 0px !important;padding-top: 125px !important;padding-right: 30px !important;padding-bottom: 130px !important;padding-left: 30px !important;}&#8221; offset=&#8221;vc_col-lg-9 vc_col-md-9 vc_col-xs-12&#8243;][vc_custom_heading text=&#8221;Do you need help?&#8221; font_container=&#8221;tag:h3|font_size:40px|text_align:left|color:%230c121f|line_height:50px&#8221; use_theme_fonts=&#8221;yes&#8221; css=&#8221;.vc_custom_1655884152789{margin-top: 0px !important;margin-bottom: 25px !important;}&#8221; el_class=&#8221;font-weight-bold&#8221;]\r<!-- rt-cf7 -->\r<div class=\"radiant-contact-form rtae7100ad1bb607d element-one  vc_custom_1525848211825\"  ><div class=\"wpcf7 no-js\" id=\"wpcf7-f3796-o1\" lang=\"tr-TR\" dir=\"ltr\">\n<div class=\"screen-reader-response\"><p role=\"status\" aria-live=\"polite\" aria-atomic=\"true\"><\/p> <ul><\/ul><\/div>\n<form action=\"\/en\/wp-json\/wp\/v2\/pages\/10330#wpcf7-f3796-o1\" method=\"post\" class=\"wpcf7-form init\" aria-label=\"Contact form\" novalidate=\"novalidate\" data-status=\"init\">\n<div style=\"display: none;\">\n<input type=\"hidden\" name=\"_wpcf7\" value=\"3796\" \/>\n<input type=\"hidden\" name=\"_wpcf7_version\" value=\"5.7\" \/>\n<input type=\"hidden\" name=\"_wpcf7_locale\" value=\"tr_TR\" \/>\n<input type=\"hidden\" name=\"_wpcf7_unit_tag\" value=\"wpcf7-f3796-o1\" \/>\n<input type=\"hidden\" name=\"_wpcf7_container_post\" value=\"0\" \/>\n<input type=\"hidden\" name=\"_wpcf7_posted_data_hash\" value=\"\" \/>\n<\/div>\n<div class=\"row\">\n\t<p><br \/>\n\t<\/p>\n\t<div class=\"col-lg-4 col-md-4 col-sm-4 col-xs-12\">\n\t\t<p><br \/>\n\t\t<\/p>\n\t\t<div class=\"form-row\">\n\t\t\t<p><br \/>\n<span class=\"wpcf7-form-control-wrap\" data-name=\"Name\"><input size=\"40\" class=\"wpcf7-form-control wpcf7-text wpcf7-validates-as-required\" aria-required=\"true\" aria-invalid=\"false\" placeholder=\"Ad\u0131n\u0131z\" value=\"\" type=\"text\" name=\"Name\" \/><\/span><br \/>\n\t\t\t<\/p>\n\t\t<\/div>\n\t\t<p><br \/>\n\t\t<\/p>\n\t<\/div>\n\t<p><br \/>\n\t<\/p>\n\t<div class=\"col-lg-4 col-md-4 col-sm-4 col-xs-12\">\n\t\t<p><br \/>\n\t\t<\/p>\n\t\t<div class=\"form-row\">\n\t\t\t<p><br \/>\n<span class=\"wpcf7-form-control-wrap\" data-name=\"Email\"><input size=\"40\" class=\"wpcf7-form-control wpcf7-text wpcf7-email wpcf7-validates-as-required wpcf7-validates-as-email\" aria-required=\"true\" aria-invalid=\"false\" placeholder=\"Email\" value=\"\" type=\"email\" name=\"Email\" \/><\/span><br \/>\n\t\t\t<\/p>\n\t\t<\/div>\n\t\t<p><br \/>\n\t\t<\/p>\n\t<\/div>\n\t<p><br \/>\n\t<\/p>\n\t<div class=\"col-lg-4 col-md-4 col-sm-4 col-xs-12\">\n\t\t<p><br \/>\n\t\t<\/p>\n\t\t<div class=\"form-row\">\n\t\t\t<p><br \/>\n<span class=\"wpcf7-form-control-wrap\" data-name=\"Phone\"><input size=\"40\" class=\"wpcf7-form-control wpcf7-text wpcf7-tel wpcf7-validates-as-required wpcf7-validates-as-tel\" aria-required=\"true\" aria-invalid=\"false\" placeholder=\"Telefon\" value=\"\" type=\"tel\" name=\"Phone\" \/><\/span><br \/>\n\t\t\t<\/p>\n\t\t<\/div>\n\t\t<p><br \/>\n\t\t<\/p>\n\t<\/div>\n\t<p><br \/>\n\t<\/p>\n<\/div>\n<p><br \/>\n<\/p>\n<div class=\"row\">\n\t<p><br \/>\n\t<\/p>\n\t<div class=\"col-lg-12 col-md-12 col-sm-12 col-xs-12\">\n\t\t<p><br \/>\n\t\t<\/p>\n\t\t<div class=\"form-row\">\n\t\t\t<p><br \/>\n<span class=\"wpcf7-form-control-wrap\" data-name=\"Message\"><textarea cols=\"40\" rows=\"10\" class=\"wpcf7-form-control wpcf7-textarea\" aria-invalid=\"false\" placeholder=\"Mesaj\u0131n\u0131z\" name=\"Message\"><\/textarea><\/span><br \/>\n\t\t\t<\/p>\n\t\t<\/div>\n\t\t<p><br \/>\n\t\t<\/p>\n\t<\/div>\n\t<p><br \/>\n\t<\/p>\n<\/div>\n<p><br \/>\n<\/p>\n<div class=\"row\">\n\t<p><br \/>\n\t<\/p>\n\t<div class=\"col-lg-12 col-md-12 col-sm-12 col-xs-12\">\n\t\t<p><br \/>\n\t\t<\/p>\n\t\t<div class=\"form-row text-left\">\n\t\t\t<p><br \/>\n<input class=\"wpcf7-form-control has-spinner wpcf7-submit\" type=\"submit\" value=\"G\u00f6nder\" \/><br \/>\n\t\t\t<\/p>\n\t\t<\/div>\n\t\t<p><br \/>\n\t\t<\/p>\n\t<\/div>\n\t<p><br \/>\n\t<\/p>\n<\/div><div class=\"wpcf7-response-output\" aria-hidden=\"true\"><\/div><\/form><\/div><div class=\"clearfix\"><\/div><\/div><!-- rt-cf7 -->\r[\/vc_column][\/vc_row]<\/p>\n","protected":false},"excerpt":{"rendered":"<p>[vc_row full_width=&#8221;stretch_row&#8221; css=&#8221;.vc_custom_1655885224713{margin-top: 0px !important;margin-bottom: 0px !important;padding-top: 135px !important;padding-bottom: 130px !important;background-image: url(https:\/\/hi-do.com.tr\/wp-content\/uploads\/2022\/06\/hidov4.jpg) !important;background-position: center !important;background-repeat: no-repeat !important;background-size: cover !important;}&#8221; el_class=&#8221;overflow-visible&#8221;][vc_column css_animation=&#8221;none&#8221; width=&#8221;5\/6&#8243; css=&#8221;.vc_custom_1669015670632{margin-top: 80px !important;margin-bottom: 0px !important;padding-top: 0px !important;padding-bottom: 0px !important;}&#8221; offset=&#8221;vc_col-lg-6 vc_col-md-6 vc_col-xs-10&#8243;][vc_custom_heading text=&#8221;On the Long Road, On the Short Road Always There for You&#8221; font_container=&#8221;tag:h1|font_size:50px|text_align:left|color:%230c121f|line_height:61px&#8221; use_theme_fonts=&#8221;yes&#8221; css=&#8221;.vc_custom_1656332163924{margin-top: 0px !important;margin-bottom: 15px !important;}&#8221; el_class=&#8221;font-weight-bold&#8221;][vc_custom_heading text=&#8221;Turkish [&hellip;]<\/p>\n","protected":false},"author":1,"featured_media":0,"parent":0,"menu_order":0,"comment_status":"closed","ping_status":"closed","template":"","meta":{"footnotes":""},"class_list":["post-10330","page","type-page","status-publish","hentry"],"_links":{"self":[{"href":"https:\/\/hi-do.com.tr\/en\/wp-json\/wp\/v2\/pages\/10330","targetHints":{"allow":["GET"]}}],"collection":[{"href":"https:\/\/hi-do.com.tr\/en\/wp-json\/wp\/v2\/pages"}],"about":[{"href":"https:\/\/hi-do.com.tr\/en\/wp-json\/wp\/v2\/types\/page"}],"author":[{"embeddable":true,"href":"https:\/\/hi-do.com.tr\/en\/wp-json\/wp\/v2\/users\/1"}],"replies":[{"embeddable":true,"href":"https:\/\/hi-do.com.tr\/en\/wp-json\/wp\/v2\/comments?post=10330"}],"version-history":[{"count":6,"href":"https:\/\/hi-do.com.tr\/en\/wp-json\/wp\/v2\/pages\/10330\/revisions"}],"predecessor-version":[{"id":10549,"href":"https:\/\/hi-do.com.tr\/en\/wp-json\/wp\/v2\/pages\/10330\/revisions\/10549"}],"wp:attachment":[{"href":"https:\/\/hi-do.com.tr\/en\/wp-json\/wp\/v2\/media?parent=10330"}],"curies":[{"name":"wp","href":"https:\/\/api.w.org\/{rel}","templated":true}]}}