{"id":10438,"date":"2022-06-16T17:24:11","date_gmt":"2022-06-16T14:24:11","guid":{"rendered":"https:\/\/hi-do.com.tr\/urun\/hd570b-%d8%a7%d9%84%d8%a8%d9%88%d9%82-%d8%a7%d9%84%d9%87%d9%88%d8%a7%d8%a6%d9%8a-%d8%b0%d9%88-%d8%a7%d9%84%d8%b5%d9%88%d8%aa-%d8%a7%d9%84%d9%85%d8%b3%d8%b7%d8%ad-%d8%a8%d8%ab%d9%84%d8%a7%d8%ab%d8%a9\/"},"modified":"2022-06-16T17:24:11","modified_gmt":"2022-06-16T14:24:11","slug":"hd570b-uc-pipe-flat-sound-air-horn","status":"publish","type":"product","link":"https:\/\/hi-do.com.tr\/ar\/urun\/hd570b-uc-pipe-flat-sound-air-horn\/","title":{"rendered":"HD570B \u0627\u0644\u0628\u0648\u0642 \u0627\u0644\u0647\u0648\u0627\u0626\u064a \u0630\u0648 \u0627\u0644\u0635\u0648\u062a \u0627\u0644\u0645\u0633\u0637\u062d \u0628\u062b\u0644\u0627\u062b\u0629 \u0623\u0646\u0627\u0628\u064a\u0628"},"content":{"rendered":"","protected":false},"excerpt":{"rendered":"<p><strong>\u0627\u0644\u062c\u0647\u062f:<\/strong> 12 \u0641\u0648\u0644\u062a &#8211; 24 \u0641\u0648\u0644\u062a<br \/>\n <strong>\u0636\u063a\u0637 \u0627\u0644\u0647\u0648\u0627\u0621:<\/strong> 4-8 \u0643\u062c\u0645 \/ \u0633\u0645 2<br \/>\n<strong>\u0643\u062b\u0627\u0641\u0629 \u0627\u0644\u0635\u0648\u062a 2 \u0645:<\/strong> 125 \u062f\u064a\u0633\u064a\u0628\u0644 (A) \u00b1 5 \u062f\u064a\u0633\u064a\u0628\u0644<br \/>\n<strong>\u0627\u0644\u062a\u064a\u0627\u0631:<\/strong> 12 \u0641\u0648\u0644\u062a 3 \u0623\u0645\u0628\u064a\u0631 \/ 24 \u0641\u0648\u0644\u062a 2 \u0623\u0645\u0628\u064a\u0631<br \/>\n<strong>\u0627\u0644\u062a\u0631\u062f\u062f:<\/strong> 349-392-440 \u0647\u0631\u062a\u0632<\/p>\n<audio class=\"wp-audio-shortcode\" id=\"audio-10438-1\" preload=\"none\" style=\"width: 100%;\" controls=\"controls\"><source type=\"audio\/mpeg\" src=\"http:\/\/www.hi-do.com.tr\/wp-content\/uploads\/2016\/07\/\u00fc\u00e7l\u00fc-metal.m4a?_=1\" \/><a href=\"http:\/\/www.hi-do.com.tr\/wp-content\/uploads\/2016\/07\/\u00fc\u00e7l\u00fc-metal.m4a\">http:\/\/www.hi-do.com.tr\/wp-content\/uploads\/2016\/07\/\u00fc\u00e7l\u00fc-metal.m4a<\/a><\/audio>\n","protected":false},"featured_media":10558,"template":"","meta":[],"product_cat":[171],"product_tag":[],"class_list":["post-10438","product","type-product","status-publish","has-post-thumbnail","hentry","product_cat-171"],"_links":{"self":[{"href":"https:\/\/hi-do.com.tr\/ar\/wp-json\/wp\/v2\/product\/10438","targetHints":{"allow":["GET"]}}],"collection":[{"href":"https:\/\/hi-do.com.tr\/ar\/wp-json\/wp\/v2\/product"}],"about":[{"href":"https:\/\/hi-do.com.tr\/ar\/wp-json\/wp\/v2\/types\/product"}],"wp:featuredmedia":[{"embeddable":true,"href":"https:\/\/hi-do.com.tr\/ar\/wp-json\/wp\/v2\/media\/10558"}],"wp:attachment":[{"href":"https:\/\/hi-do.com.tr\/ar\/wp-json\/wp\/v2\/media?parent=10438"}],"wp:term":[{"taxonomy":"product_cat","embeddable":true,"href":"https:\/\/hi-do.com.tr\/ar\/wp-json\/wp\/v2\/product_cat?post=10438"},{"taxonomy":"product_tag","embeddable":true,"href":"https:\/\/hi-do.com.tr\/ar\/wp-json\/wp\/v2\/product_tag?post=10438"}],"curies":[{"name":"wp","href":"https:\/\/api.w.org\/{rel}","templated":true}]}}